{"id":925,"date":"2024-01-03T16:56:20","date_gmt":"2024-01-03T16:56:20","guid":{"rendered":"https:\/\/karavon.com\/index.php\/contact-1\/"},"modified":"2024-01-03T16:56:20","modified_gmt":"2024-01-03T16:56:20","slug":"contact-1","status":"publish","type":"page","link":"https:\/\/karavon.com\/index.php\/contact-1\/","title":{"rendered":"Contact 1"},"content":{"rendered":"<p><strong>Please Make Sure Contact Form 7 Plugin is Installed &amp; Activated.<\/strong><\/p>\n<p>Nullam ultricies diam a justo pulvinar sodales. Aenean quis euismod erat, ut ullamcorper orci. Pellentesque vel iacul isitae euismod lorem. In rutrum, sapien eu consequat vestibulum, sapien erat posuere lorem, nec semper quam tortor umurus. Pellentesque in elit bibendum, interdum dui eget, tempor nulla. Proin fermentum nulla id lacinia auctor.<\/p>\n<hr \/>\n\n<div class=\"wpcf7 no-js\" id=\"wpcf7-f94-o1\" lang=\"en-US\" dir=\"ltr\">\n<div class=\"screen-reader-response\"><p role=\"status\" aria-live=\"polite\" aria-atomic=\"true\"><\/p> <ul><\/ul><\/div>\n<form action=\"\/index.php\/wp-json\/wp\/v2\/pages\/925#wpcf7-f94-o1\" method=\"post\" class=\"wpcf7-form init\" aria-label=\"Contact form\" novalidate=\"novalidate\" data-status=\"init\">\n<div style=\"display: none;\">\n<input type=\"hidden\" name=\"_wpcf7\" value=\"94\" \/>\n<input type=\"hidden\" name=\"_wpcf7_version\" value=\"5.9.6\" \/>\n<input type=\"hidden\" name=\"_wpcf7_locale\" value=\"en_US\" \/>\n<input type=\"hidden\" name=\"_wpcf7_unit_tag\" value=\"wpcf7-f94-o1\" \/>\n<input type=\"hidden\" name=\"_wpcf7_container_post\" value=\"0\" \/>\n<input type=\"hidden\" name=\"_wpcf7_posted_data_hash\" value=\"\" \/>\n<\/div>\n<p><label> Your Name (required)<br \/>\n<span class=\"wpcf7-form-control-wrap\" data-name=\"your-name\"><input size=\"40\" maxlength=\"80\" class=\"wpcf7-form-control wpcf7-text wpcf7-validates-as-required\" aria-required=\"true\" aria-invalid=\"false\" value=\"\" type=\"text\" name=\"your-name\" \/><\/span> <\/label>\n<\/p>\n<p><label> Your Email (required)<br \/>\n<span class=\"wpcf7-form-control-wrap\" data-name=\"your-email\"><input size=\"40\" maxlength=\"80\" class=\"wpcf7-form-control wpcf7-email wpcf7-validates-as-required wpcf7-text wpcf7-validates-as-email\" aria-required=\"true\" aria-invalid=\"false\" value=\"\" type=\"email\" name=\"your-email\" \/><\/span> <\/label>\n<\/p>\n<p><label> Subject<br \/>\n<span class=\"wpcf7-form-control-wrap\" data-name=\"your-subject\"><input size=\"40\" maxlength=\"80\" class=\"wpcf7-form-control wpcf7-text\" aria-invalid=\"false\" value=\"\" type=\"text\" name=\"your-subject\" \/><\/span> <\/label>\n<\/p>\n<p><label> Your Message<br \/>\n<span class=\"wpcf7-form-control-wrap\" data-name=\"your-message\"><textarea cols=\"40\" rows=\"10\" maxlength=\"400\" class=\"wpcf7-form-control wpcf7-textarea\" aria-invalid=\"false\" name=\"your-message\"><\/textarea><\/span> <\/label>\n<\/p>\n<p><input class=\"wpcf7-form-control wpcf7-submit has-spinner\" type=\"submit\" value=\"Send Message\" \/>\n<\/p><div class=\"wpcf7-response-output\" aria-hidden=\"true\"><\/div>\n<\/form>\n<\/div>\n\n","protected":false},"excerpt":{"rendered":"<p>Please Make Sure Contact Form 7 Plugin is Installed &amp; Activated. Nullam ultricies diam a justo pulvinar sodales. Aenean quis euismod erat, ut ullamcorper orci. Pellentesque vel iacul isitae euismod lorem. In rutrum, sapien eu consequat vestibulum, sapien erat posuere lorem, nec semper quam tortor umurus. Pellentesque in elit bibendum, interdum dui eget, tempor nulla. Proin fermentum nulla id lacinia auctor.<\/p>\n","protected":false},"author":2,"featured_media":0,"parent":0,"menu_order":0,"comment_status":"closed","ping_status":"closed","template":"","meta":{"footnotes":""},"class_list":["post-925","page","type-page","status-publish","hentry"],"yoast_head":"<!-- This site is optimized with the Yoast SEO plugin v23.0 - https:\/\/yoast.com\/wordpress\/plugins\/seo\/ -->\n<title>Contact 1 - Karavon<\/title>\n<meta name=\"robots\" content=\"index, follow, max-snippet:-1, max-image-preview:large, max-video-preview:-1\" \/>\n<link rel=\"canonical\" href=\"https:\/\/karavon.com\/index.php\/contact-1\/\" \/>\n<meta property=\"og:locale\" content=\"tr_TR\" \/>\n<meta property=\"og:type\" content=\"article\" \/>\n<meta property=\"og:title\" content=\"Contact 1 - Karavon\" \/>\n<meta property=\"og:description\" content=\"Please Make Sure Contact Form 7 Plugin is Installed &amp; Activated. Nullam ultricies diam a justo pulvinar sodales. Aenean quis euismod erat, ut ullamcorper orci. Pellentesque vel iacul isitae euismod lorem. In rutrum, sapien eu consequat vestibulum, sapien erat posuere lorem, nec semper quam tortor umurus. Pellentesque in elit bibendum, interdum dui eget, tempor nulla. Proin fermentum nulla id lacinia auctor.\" \/>\n<meta property=\"og:url\" content=\"https:\/\/karavon.com\/index.php\/contact-1\/\" \/>\n<meta property=\"og:site_name\" content=\"Karavon\" \/>\n<meta name=\"twitter:card\" content=\"summary_large_image\" \/>\n<script type=\"application\/ld+json\" class=\"yoast-schema-graph\">{\"@context\":\"https:\/\/schema.org\",\"@graph\":[{\"@type\":\"WebPage\",\"@id\":\"https:\/\/karavon.com\/index.php\/contact-1\/\",\"url\":\"https:\/\/karavon.com\/index.php\/contact-1\/\",\"name\":\"Contact 1 - Karavon\",\"isPartOf\":{\"@id\":\"https:\/\/karavon.com\/#website\"},\"datePublished\":\"2024-01-03T16:56:20+00:00\",\"dateModified\":\"2024-01-03T16:56:20+00:00\",\"breadcrumb\":{\"@id\":\"https:\/\/karavon.com\/index.php\/contact-1\/#breadcrumb\"},\"inLanguage\":\"tr\",\"potentialAction\":[{\"@type\":\"ReadAction\",\"target\":[\"https:\/\/karavon.com\/index.php\/contact-1\/\"]}]},{\"@type\":\"BreadcrumbList\",\"@id\":\"https:\/\/karavon.com\/index.php\/contact-1\/#breadcrumb\",\"itemListElement\":[{\"@type\":\"ListItem\",\"position\":1,\"name\":\"Anasayfa\",\"item\":\"https:\/\/karavon.com\/\"},{\"@type\":\"ListItem\",\"position\":2,\"name\":\"Contact 1\"}]},{\"@type\":\"WebSite\",\"@id\":\"https:\/\/karavon.com\/#website\",\"url\":\"https:\/\/karavon.com\/\",\"name\":\"Karavon\",\"description\":\"Do\u011fayla uyum i\u00e7inde ya\u015fa\",\"publisher\":{\"@id\":\"https:\/\/karavon.com\/#organization\"},\"potentialAction\":[{\"@type\":\"SearchAction\",\"target\":{\"@type\":\"EntryPoint\",\"urlTemplate\":\"https:\/\/karavon.com\/?s={search_term_string}\"},\"query-input\":\"required name=search_term_string\"}],\"inLanguage\":\"tr\"},{\"@type\":\"Organization\",\"@id\":\"https:\/\/karavon.com\/#organization\",\"name\":\"Karavon\",\"url\":\"https:\/\/karavon.com\/\",\"logo\":{\"@type\":\"ImageObject\",\"inLanguage\":\"tr\",\"@id\":\"https:\/\/karavon.com\/#\/schema\/logo\/image\/\",\"url\":\"\",\"contentUrl\":\"\",\"caption\":\"Karavon\"},\"image\":{\"@id\":\"https:\/\/karavon.com\/#\/schema\/logo\/image\/\"}}]}<\/script>\n<!-- \/ Yoast SEO plugin. -->","yoast_head_json":{"title":"Contact 1 - Karavon","robots":{"index":"index","follow":"follow","max-snippet":"max-snippet:-1","max-image-preview":"max-image-preview:large","max-video-preview":"max-video-preview:-1"},"canonical":"https:\/\/karavon.com\/index.php\/contact-1\/","og_locale":"tr_TR","og_type":"article","og_title":"Contact 1 - Karavon","og_description":"Please Make Sure Contact Form 7 Plugin is Installed &amp; Activated. Nullam ultricies diam a justo pulvinar sodales. Aenean quis euismod erat, ut ullamcorper orci. Pellentesque vel iacul isitae euismod lorem. In rutrum, sapien eu consequat vestibulum, sapien erat posuere lorem, nec semper quam tortor umurus. Pellentesque in elit bibendum, interdum dui eget, tempor nulla. Proin fermentum nulla id lacinia auctor.","og_url":"https:\/\/karavon.com\/index.php\/contact-1\/","og_site_name":"Karavon","twitter_card":"summary_large_image","schema":{"@context":"https:\/\/schema.org","@graph":[{"@type":"WebPage","@id":"https:\/\/karavon.com\/index.php\/contact-1\/","url":"https:\/\/karavon.com\/index.php\/contact-1\/","name":"Contact 1 - Karavon","isPartOf":{"@id":"https:\/\/karavon.com\/#website"},"datePublished":"2024-01-03T16:56:20+00:00","dateModified":"2024-01-03T16:56:20+00:00","breadcrumb":{"@id":"https:\/\/karavon.com\/index.php\/contact-1\/#breadcrumb"},"inLanguage":"tr","potentialAction":[{"@type":"ReadAction","target":["https:\/\/karavon.com\/index.php\/contact-1\/"]}]},{"@type":"BreadcrumbList","@id":"https:\/\/karavon.com\/index.php\/contact-1\/#breadcrumb","itemListElement":[{"@type":"ListItem","position":1,"name":"Anasayfa","item":"https:\/\/karavon.com\/"},{"@type":"ListItem","position":2,"name":"Contact 1"}]},{"@type":"WebSite","@id":"https:\/\/karavon.com\/#website","url":"https:\/\/karavon.com\/","name":"Karavon","description":"Do\u011fayla uyum i\u00e7inde ya\u015fa","publisher":{"@id":"https:\/\/karavon.com\/#organization"},"potentialAction":[{"@type":"SearchAction","target":{"@type":"EntryPoint","urlTemplate":"https:\/\/karavon.com\/?s={search_term_string}"},"query-input":"required name=search_term_string"}],"inLanguage":"tr"},{"@type":"Organization","@id":"https:\/\/karavon.com\/#organization","name":"Karavon","url":"https:\/\/karavon.com\/","logo":{"@type":"ImageObject","inLanguage":"tr","@id":"https:\/\/karavon.com\/#\/schema\/logo\/image\/","url":"","contentUrl":"","caption":"Karavon"},"image":{"@id":"https:\/\/karavon.com\/#\/schema\/logo\/image\/"}}]}},"_links":{"self":[{"href":"https:\/\/karavon.com\/index.php\/wp-json\/wp\/v2\/pages\/925","targetHints":{"allow":["GET"]}}],"collection":[{"href":"https:\/\/karavon.com\/index.php\/wp-json\/wp\/v2\/pages"}],"about":[{"href":"https:\/\/karavon.com\/index.php\/wp-json\/wp\/v2\/types\/page"}],"author":[{"embeddable":true,"href":"https:\/\/karavon.com\/index.php\/wp-json\/wp\/v2\/users\/2"}],"replies":[{"embeddable":true,"href":"https:\/\/karavon.com\/index.php\/wp-json\/wp\/v2\/comments?post=925"}],"version-history":[{"count":0,"href":"https:\/\/karavon.com\/index.php\/wp-json\/wp\/v2\/pages\/925\/revisions"}],"wp:attachment":[{"href":"https:\/\/karavon.com\/index.php\/wp-json\/wp\/v2\/media?parent=925"}],"curies":[{"name":"wp","href":"https:\/\/api.w.org\/{rel}","templated":true}]}}